{"id":139,"date":"2020-12-22T13:46:40","date_gmt":"2020-12-22T13:46:40","guid":{"rendered":"https:\/\/bridge414.qodeinteractive.com\/?page_id=139"},"modified":"2020-12-22T13:46:40","modified_gmt":"2020-12-22T13:46:40","slug":"contact","status":"publish","type":"page","link":"https:\/\/medtechreviewer.com\/index.php\/contact\/","title":{"rendered":"Contact"},"content":{"rendered":"\t\t<div data-elementor-type=\"wp-page\" data-elementor-id=\"139\" class=\"elementor elementor-139\">\n\t\t\t\t\t\t<section class=\"elementor-section elementor-top-section elementor-element elementor-element-0707c44 elementor-section-full_width elementor-section-height-default elementor-section-height-default parallax_section_no qode_elementor_container_no\" data-id=\"0707c44\" data-element_type=\"section\" data-settings=\"{&quot;background_background&quot;:&quot;classic&quot;}\">\n\t\t\t\t\t\t<div class=\"elementor-container elementor-column-gap-default\">\n\t\t\t\t\t<div class=\"elementor-column elementor-col-100 elementor-top-column elementor-element elementor-element-884d4d9\" data-id=\"884d4d9\" data-element_type=\"column\">\n\t\t\t<div class=\"elementor-widget-wrap elementor-element-populated\">\n\t\t\t\t\t\t<section class=\"elementor-section elementor-inner-section elementor-element elementor-element-31228e6 elementor-section-full_width qode_elementor_container_inner elementor-section-height-default elementor-section-height-default parallax_section_no\" data-id=\"31228e6\" data-element_type=\"section\">\n\t\t\t\t\t\t<div class=\"elementor-container elementor-column-gap-default\">\n\t\t\t\t\t<div class=\"elementor-column elementor-col-50 elementor-inner-column elementor-element elementor-element-9cc8c3b\" data-id=\"9cc8c3b\" data-element_type=\"column\">\n\t\t\t<div class=\"elementor-widget-wrap elementor-element-populated\">\n\t\t\t\t\t\t<div class=\"elementor-element elementor-element-4e90734 elementor-widget elementor-widget-heading\" data-id=\"4e90734\" data-element_type=\"widget\" data-widget_type=\"heading.default\">\n\t\t\t\t\t<h3 class=\"elementor-heading-title elementor-size-default\">We would love\nto work with You.\nSay Hello.<\/h3>\t\t\t\t<\/div>\n\t\t\t\t\t<\/div>\n\t\t<\/div>\n\t\t\t\t<div class=\"elementor-column elementor-col-50 elementor-inner-column elementor-element elementor-element-75c04ec\" data-id=\"75c04ec\" data-element_type=\"column\">\n\t\t\t<div class=\"elementor-widget-wrap\">\n\t\t\t\t\t\t\t<\/div>\n\t\t<\/div>\n\t\t\t\t\t<\/div>\n\t\t<\/section>\n\t\t\t\t\t<\/div>\n\t\t<\/div>\n\t\t\t\t\t<\/div>\n\t\t<\/section>\n\t\t\t\t<section class=\"elementor-section elementor-top-section elementor-element elementor-element-8e0c06a elementor-section-full_width qode_elementor_container_inner elementor-section-height-default elementor-section-height-default parallax_section_no\" data-id=\"8e0c06a\" data-element_type=\"section\">\n\t\t\t\t\t\t<div class=\"elementor-container elementor-column-gap-default\">\n\t\t\t\t\t<div class=\"elementor-column elementor-col-50 elementor-top-column elementor-element elementor-element-fba0159\" data-id=\"fba0159\" data-element_type=\"column\">\n\t\t\t<div class=\"elementor-widget-wrap elementor-element-populated\">\n\t\t\t\t\t\t<div class=\"elementor-element elementor-element-54bda42 elementor-widget elementor-widget-bridge_icon_text\" data-id=\"54bda42\" data-element_type=\"widget\" data-widget_type=\"bridge_icon_text.default\">\n\t\t\t\t<div class=\"elementor-widget-container\">\n\t\t\t\t\t<div class='q_icon_with_title medium custom_icon_image '><div class=\"icon_holder \" style=\" \"><img decoding=\"async\" itemprop=\"image\" style=\"\" src=\"https:\/\/medtechreviewer.com\/wp-content\/uploads\/2020\/12\/icon-1.png\" alt=\"f\"><\/div><div class=\"icon_text_holder\" style=\"\"><div class=\"icon_text_inner\" style=\"\"><h5 class=\"icon_title\" style=\"\">Amsterdam Studio<\/h5><p style=''><\/p><a itemprop='url' class='icon_with_title_link' href='https:\/\/www.google.rs\/maps\/place\/Lauriergracht+96,+1016+RN+Amsterdam,+Netherlands\/@52.3716083,4.877991,17z\/data=!3m1!4b1!4m5!3m4!1s0x47c609dc9417947d:0x1f18457d6c2f42d0!8m2!3d52.371605!4d4.8801797?hl=en' target='_blank' style=''>Lauriergracht 96 1016 RN Amsterdam Netherlands<\/a><\/div><\/div><\/div>\t\t\t\t<\/div>\n\t\t\t\t<\/div>\n\t\t\t\t<div class=\"elementor-element elementor-element-2bad3a0 elementor-widget elementor-widget-bridge_icon_text\" data-id=\"2bad3a0\" data-element_type=\"widget\" data-widget_type=\"bridge_icon_text.default\">\n\t\t\t\t<div class=\"elementor-widget-container\">\n\t\t\t\t\t<div class='q_icon_with_title medium custom_icon_image '><div class=\"icon_holder \" style=\" \"><img decoding=\"async\" itemprop=\"image\" style=\"\" src=\"https:\/\/medtechreviewer.com\/wp-content\/uploads\/2020\/12\/icon-2.png\" alt=\"d\"><\/div><div class=\"icon_text_holder\" style=\"\"><div class=\"icon_text_inner\" style=\"\"><h5 class=\"icon_title\" style=\"\">D\u00fcsseldorf  Studio<\/h5><p style=''><\/p><a itemprop='url' class='icon_with_title_link' href='https:\/\/www.google.rs\/maps\/place\/Lobeckstra%C3%9Fe+42,+10969+Berlin,+Germany\/@52.5043094,13.4053676,17z\/data=!3m1!4b1!4m5!3m4!1s0x47a84e2c1ba3b53f:0x9b8a958be48268e6!8m2!3d52.5043062!4d13.4075563?hl=en' target='_blank' style=''>Lobeckstra\u00dfe 42-48 10969 Berlin Germany<\/a><\/div><\/div><\/div>\t\t\t\t<\/div>\n\t\t\t\t<\/div>\n\t\t\t\t<div class=\"elementor-element elementor-element-51b80c7 elementor-widget elementor-widget-bridge_icon_text\" data-id=\"51b80c7\" data-element_type=\"widget\" data-widget_type=\"bridge_icon_text.default\">\n\t\t\t\t<div class=\"elementor-widget-container\">\n\t\t\t\t\t<div class='q_icon_with_title medium custom_icon_image '><div class=\"icon_holder \" style=\" \"><img decoding=\"async\" itemprop=\"image\" style=\"\" src=\"https:\/\/medtechreviewer.com\/wp-content\/uploads\/2020\/12\/icon-3.png\" alt=\"f\"><\/div><div class=\"icon_text_holder\" style=\"\"><div class=\"icon_text_inner\" style=\"\"><h5 class=\"icon_title\" style=\"\">Barcelona Studio <\/h5><p style=''><\/p><a itemprop='url' class='icon_with_title_link' href='https:\/\/www.google.rs\/maps\/place\/Carrer+de+Barcelona,+08930+Sant+Adri%C3%A0+de+Bes%C3%B2s,+Barcelona,+Spain\/@41.4262488,2.2251026,17z\/data=!3m1!4b1!4m5!3m4!1s0x12a4bb5693a9097f:0x811d6782d70cd715!8m2!3d41.4262448!4d2.2272913?hl=en' target='_blank' style=''>Carrer de Barcelona, Sant Adri\u00e0 de Bes\u00f2s, Spain<\/a><\/div><\/div><\/div>\t\t\t\t<\/div>\n\t\t\t\t<\/div>\n\t\t\t\t\t<\/div>\n\t\t<\/div>\n\t\t\t\t<div class=\"elementor-column elementor-col-50 elementor-top-column elementor-element elementor-element-7fb4841\" data-id=\"7fb4841\" data-element_type=\"column\">\n\t\t\t<div class=\"elementor-widget-wrap elementor-element-populated\">\n\t\t\t\t\t\t<div class=\"elementor-element elementor-element-512e5dd elementor-widget elementor-widget-heading\" data-id=\"512e5dd\" data-element_type=\"widget\" data-widget_type=\"heading.default\">\n\t\t\t\t\t<h5 class=\"elementor-heading-title elementor-size-default\">Write Us<\/h5>\t\t\t\t<\/div>\n\t\t\t\t<div class=\"elementor-element elementor-element-781704d elementor-widget elementor-widget-spacer\" data-id=\"781704d\" data-element_type=\"widget\" data-widget_type=\"spacer.default\">\n\t\t\t\t\t\t\t<div class=\"elementor-spacer\">\n\t\t\t<div class=\"elementor-spacer-inner\"><\/div>\n\t\t<\/div>\n\t\t\t\t\t\t<\/div>\n\t\t\t\t\t<\/div>\n\t\t<\/div>\n\t\t\t\t\t<\/div>\n\t\t<\/section>\n\t\t\t\t<\/div>\n\t\t","protected":false},"excerpt":{"rendered":"<p>We would love to work with You. Say Hello. Amsterdam Studio Lauriergracht 96 1016 RN Amsterdam Netherlands D\u00fcsseldorf Studio Lobeckstra\u00dfe 42-48 10969 Berlin Germany Barcelona Studio Carrer de Barcelona, Sant Adri\u00e0 de Bes\u00f2s, Spain Write Us<\/p>\n","protected":false},"author":1,"featured_media":0,"parent":0,"menu_order":0,"comment_status":"closed","ping_status":"closed","template":"full_width.php","meta":{"footnotes":""},"class_list":["post-139","page","type-page","status-publish","hentry"],"_links":{"self":[{"href":"https:\/\/medtechreviewer.com\/index.php\/wp-json\/wp\/v2\/pages\/139","targetHints":{"allow":["GET"]}}],"collection":[{"href":"https:\/\/medtechreviewer.com\/index.php\/wp-json\/wp\/v2\/pages"}],"about":[{"href":"https:\/\/medtechreviewer.com\/index.php\/wp-json\/wp\/v2\/types\/page"}],"author":[{"embeddable":true,"href":"https:\/\/medtechreviewer.com\/index.php\/wp-json\/wp\/v2\/users\/1"}],"replies":[{"embeddable":true,"href":"https:\/\/medtechreviewer.com\/index.php\/wp-json\/wp\/v2\/comments?post=139"}],"version-history":[{"count":0,"href":"https:\/\/medtechreviewer.com\/index.php\/wp-json\/wp\/v2\/pages\/139\/revisions"}],"wp:attachment":[{"href":"https:\/\/medtechreviewer.com\/index.php\/wp-json\/wp\/v2\/media?parent=139"}],"curies":[{"name":"wp","href":"https:\/\/api.w.org\/{rel}","templated":true}]}}